{"id":2183,"date":"2021-04-09T13:17:33","date_gmt":"2021-04-09T13:17:33","guid":{"rendered":"http:\/\/www.oznehukuk.com\/?page_id=2183"},"modified":"2021-04-09T15:31:12","modified_gmt":"2021-04-09T15:31:12","slug":"kvkk-aydinlatma-metni","status":"publish","type":"page","link":"http:\/\/www.oznehukuk.com\/index.php\/kvkk-aydinlatma-metni\/","title":{"rendered":"KVKK Ayd\u0131nlatma Metni"},"content":{"rendered":"\n<p><strong>K\u0130\u015e\u0130SEL VER\u0130LER\u0130N \u0130\u015eLENMES\u0130NE \u0130L\u0130\u015eK\u0130N AYDINLATMA METN\u0130<\/strong><\/p>\n\n\n\n<p><strong>(\u201cAYDINLATMA METN\u0130\u201d)&nbsp;<\/strong><\/p>\n\n\n\n<p>\u00d6zne Hukuk ve Dan\u0131\u015fmanl\u0131k; m\u00fcvekkillerinin, i\u015f ortaklar\u0131n\u0131n ve ili\u015fki i\u00e7erisinde bulundu\u011fu di\u011fer \u00fc\u00e7\u00fcnc\u00fc ki\u015filerin ki\u015fisel verilerinin korunmas\u0131 ile veri gizlili\u011fi ve g\u00fcvenli\u011finin sa\u011flanmas\u0131 bak\u0131m\u0131ndan veri sorumlusu s\u0131fat\u0131yla ki\u015fisel verilerin korunmas\u0131na ili\u015fkin i\u015fbu ayd\u0131nlatma metni (\u201c<strong>Ayd\u0131nlatma Metni<\/strong>\u201d) sizleri bilgilendirmek amac\u0131yla dikkatinize sunulmaktad\u0131r.\u00a0<\/p>\n\n\n\n<p>\u0130\u015f bu Ayd\u0131nlatma Metni, 6698 say\u0131l\u0131 Ki\u015fisel Verilerin Korunmas\u0131 Kanunu (\u201c<strong>KVKK<\/strong>\u201d)\u2019nun 10. maddesi \u00e7er\u00e7evesinde \u00d6zne Hukuk ve Dan\u0131\u015fmanl\u0131k<strong>\u2019<\/strong>a dava ve yasal s\u00fcre\u00e7 takibi, hukuki rapor haz\u0131rlanmas\u0131 ve sair hukuki hizmetler hakk\u0131nda teklif sunulmas\u0131, dan\u0131\u015fmanl\u0131k s\u00f6zle\u015fmesi kurulmas\u0131 ve\/veya dan\u0131\u015fmanl\u0131k s\u00f6zle\u015fmesinin ifas\u0131, i\u015fe al\u0131m s\u00fcre\u00e7lerinin y\u00fcr\u00fct\u00fclmesi kapsam\u0131nda sunulmu\u015f ve\/veya toplanm\u0131\u015f olan ki\u015fisel verilerinizin (ad\u0131n\u0131z, adresiniz, telefon numaran\u0131z, e-posta adresiniz gibi kimli\u011fi belirli veya belirlenebilir ger\u00e7ek ki\u015fiye ili\u015fkin her t\u00fcrl\u00fc bilgi) (\u201c<strong>Ki\u015fisel Veri(ler)<\/strong>\u201d) i\u015flenmesine ve bunlara ili\u015fkin haklar\u0131n\u0131za dair \u00d6zne Hukuk ve Dan\u0131\u015fmanl\u0131k\u2019\u0131n \u201cVeri Sorumlusu\u201d olarak;\u00a0 ayd\u0131nlatma y\u00fck\u00fcml\u00fcl\u00fc\u011f\u00fcn\u00fcn yerine getirilmesini sa\u011flamak amac\u0131yla haz\u0131rlanm\u0131\u015ft\u0131r. \u00d6zne Hukuk ve Dan\u0131\u015fmanl\u0131k, Ki\u015fisel Veriler\u2019in i\u015flenmesi bak\u0131m\u0131ndan KVKK kapsam\u0131nda veri sorumlusu s\u0131fat\u0131n\u0131 haizdir. Ki\u015fisel Veriler, \u00d6zne Hukuk ve Dan\u0131\u015fmanl\u0131k taraf\u0131ndan KVKK ve ki\u015fisel verilerin korunmas\u0131na ili\u015fkin mevzuata uygun olarak i\u015flenebilmekte ve muhafaza edilebilmektedir.<\/p>\n\n\n\n<p><strong>Ki\u015fisel Veriler\u2019in \u0130\u015flenme Ama\u00e7lar\u0131<\/strong><\/p>\n\n\n\n<p>Ki\u015fisel verileriniz, T.C. Anayasa\u2019n\u0131n 20. maddesine ve KVKK\u2019n\u0131n 4. maddesine uygun olarak veri sorumlusu \u00d6zne Hukuk ve Dan\u0131\u015fmanl\u0131k taraf\u0131ndan;\u00a0<\/p>\n\n\n\n<ul><li>\u0130htiya\u00e7lar\u0131n\u0131z do\u011frultusunda talep etti\u011finiz hizmetlerin sunulmas\u0131,&nbsp;<\/li><li>Ticari ve\/veya hukuki i\u015f stratejilerin planlanmas\u0131,&nbsp;<\/li><li>Hukuk b\u00fcromuz b\u00fcnyesinde yap\u0131lan m\u00fcvekkil toplant\u0131lar\u0131, dan\u0131\u015fmanl\u0131k teklifleri, hukuki raporlar\u0131n haz\u0131rlanmas\u0131 ve sair hukuki hizmet i\u00e7in sunulan tekliflerin incelenmesi,&nbsp;<\/li><li>Bilgi g\u00fcvenli\u011fi s\u00fcrecinin y\u00fcr\u00fct\u00fclmesi,&nbsp;<\/li><li>Hukuki dan\u0131\u015fmanl\u0131k s\u00f6zle\u015fmesinin kurulmas\u0131 ve\/veya ifas\u0131,&nbsp;<\/li><li>M\u00fcvekkil ili\u015fkileri s\u00fcre\u00e7lerinin y\u00fcr\u00fct\u00fclmesi,&nbsp;<\/li><li>S\u00f6zle\u015fme s\u00fcre\u00e7lerinin y\u00fcr\u00fct\u00fclmesi ve ilgili belgeleri imzalayan taraflar\u0131n imza yetkilerinin tespiti ve kontrol\u00fc<\/li><li>Her t\u00fcrl\u00fc i\u015f ve i\u015flemlerin sahiplerinin ve muhataplar\u0131n\u0131n belirlenmesinde gerekli kimlik, adres, vergi numaras\u0131 ve di\u011fer bilgilerin kayd\u0131, k\u00e2\u011f\u0131t \u00fczerinde veya elektronik ortamda d\u00fczenlenmesi,<\/li><li>Yetkili Mahkeme, \u0130cra Dairesi, kurum ve\/veya kurulu\u015flara bilgi verilmesi,<\/li><li>\u0130\u015fe al\u0131m s\u00fcre\u00e7lerinde adaylar\u0131n de\u011ferlendirilmesi<\/li><li>Hukuk d\u00fcnyas\u0131ndaki geli\u015fmeler ve yasal mevzuat g\u00fcncellemeleri hakk\u0131nda bilgi verilmesi,<\/li><\/ul>\n\n\n\n<p>ama\u00e7lar\u0131 ile i\u015flenebilir.&nbsp;<\/p>\n\n\n\n<p><strong>Ki\u015fisel Veriler\u2019in Toplanma Y\u00f6ntemleri ile Hukuki Sebepleri<\/strong><\/p>\n\n\n\n<p>Ki\u015fisel Veriler, \u00d6zne Hukuk ve Dan\u0131\u015fmanl\u0131k taraf\u0131ndan ba\u015fta hukuki dan\u0131\u015fmanl\u0131k, dava ve yasal s\u00fcre\u00e7 takibi, hukuki rapor haz\u0131rlanmas\u0131 ve sair hukuki hizmet i\u00e7in teklif sunulmas\u0131 ve\/veya \u00d6zne Hukuk ve Dan\u0131\u015fmanl\u0131k\u00a0 ile dan\u0131\u015fmanl\u0131k s\u00f6zle\u015fmesi kurulmas\u0131 ve\/veya dan\u0131\u015fmanl\u0131k s\u00f6zle\u015fmesinin ifas\u0131 olmak \u00fczere bilumum ara\u00e7 ve kanallar arac\u0131l\u0131\u011f\u0131yla s\u00f6zl\u00fc, yaz\u0131l\u0131 veya elektronik ortamda ve yukar\u0131da yer verilen ama\u00e7lar do\u011frultusunda ve bu kapsamda \u00d6zne Hukuk ve Dan\u0131\u015fmanl\u0131k\u2019\u0131n s\u00f6zle\u015fmeler ve kanunlardan do\u011fan mesuliyetlerini eksiksiz ve do\u011fru bir \u015fekilde yerine getirebilmesi hukuki sebeplerine dayan\u0131larak toplanmaktad\u0131r.\u00a0 Bu hukuki sebeplerle toplanan Ki\u015fisel Veriler, \u00d6zne Hukuk ve Dan\u0131\u015fmanl\u0131k taraf\u0131ndan KVKK\u2019n\u0131n \u00f6ng\u00f6rd\u00fc\u011f\u00fc temel ilkelere uygun olarak, KVKK\u2019n\u0131n 5. ve 6. maddelerinde belirtilen ki\u015fisel veri i\u015fleme \u015fartlar\u0131 ve ama\u00e7lar\u0131 do\u011frultusunda i\u015fbu metinde belirtilen ama\u00e7larla da i\u015flenebilmekte ve aktar\u0131labilmektedir.<\/p>\n\n\n\n<p><strong>Ki\u015fisel Verilerin \u0130\u015flenmesi&nbsp;<\/strong><\/p>\n\n\n\n<p>\u00d6zne Hukuk ve Dan\u0131\u015fmanl\u0131k, Ki\u015fisel Veriler\u2019i sadece kesin, a\u00e7\u0131k ve yasal ama\u00e7lar d\u00e2hilinde toplayacak ve yukar\u0131da ilgili b\u00f6l\u00fcmde a\u00e7\u0131klanan Ki\u015fisel Veriler\u2019in i\u015flenme ama\u00e7lar\u0131n\u0131n gerektirdi\u011fi s\u00fcreler boyunca saklayabilecek olup Ki\u015fisel Veriler\u2019i KVKK\u2019da ve i\u015fbu Ayd\u0131nlatma Metni\u2019nde belirtilen \u00e7er\u00e7evede topland\u0131klar\u0131 ama\u00e7larla ba\u011fda\u015fmaz bir \u015fekilde i\u015flemeyecek ve i\u015flenmesini gerektiren sebeplerin ortadan kalkmas\u0131 h\u00e2linde, kanunen saklama mecburiyeti bulunan haller sakl\u0131 olmak \u00fczere, resen veya ilgili ki\u015finin talebi \u00fczerine silecek veya yok edecek veya anonim hale getirecektir.\u00a0<\/p>\n\n\n\n<p><strong>Ki\u015fisel Veriler\u2019in Aktar\u0131lmas\u0131<\/strong><\/p>\n\n\n\n<p>Ki\u015fisel Verileriniz, \u00d6zne Hukuk ve Dan\u0131\u015fmanl\u0131k taraf\u0131ndan i\u015fbu Ayd\u0131nlatma Metni\u2019nde yer alan Ki\u015fisel Verilerin \u0130\u015flenme Ama\u00e7lar\u0131\u00a0ve bunlara ek olarak a\u015fa\u011f\u0131da belirtilen veri i\u015fleme ama\u00e7lar\u0131n\u0131 ger\u00e7ekle\u015ftirmek \u00fczere, Kanun\u2019un 8. maddesine uygun olarak yurt i\u00e7inde bulunan, hukuki ve mali denetimleri amac\u0131yla i\u015f ortaklar\u0131na, avukatlar\u0131na ve yetkili mahkeme ve\/veya icra daireleri ile kamu kurum ve kurulu\u015flar\u0131na aktar\u0131labilecektir. Ayr\u0131ca ki\u015fisel verileriniz, KVKK\u2019n\u0131n 9. maddesi uyar\u0131nca K\u0131l\u0131n\u00e7 Hukuk &amp; Dan\u0131\u015fmanl\u0131k taraf\u0131ndan do\u011frudan ya da dolayl\u0131 olarak yurtd\u0131\u015f\u0131nda bulunan dan\u0131\u015fmanl\u0131k, destek veya hukuki hizmet ald\u0131\u011f\u0131 veya almay\u0131 planlad\u0131\u011f\u0131 \u00fc\u00e7\u00fcnc\u00fc ki\u015filere, di\u011fer konularda dan\u0131\u015fmanl\u0131k destek veya hizmet ald\u0131\u011f\u0131 veya almay\u0131 planlad\u0131\u011f\u0131 \u00fc\u00e7\u00fcnc\u00fc ki\u015filere (\u00e7e\u015fitli \u00fclkelerde sunucular\u0131 bulunabilecek bulut bili\u015fim hizmeti sa\u011flay\u0131c\u0131lar\u0131 da d\u00e2hil), kanunen yetkili kurum ve kurulu\u015flara, , belirtilen ki\u015fisel veri i\u015fleme \u015fartlar\u0131 ve ama\u00e7lar\u0131 \u00e7er\u00e7evesinde aktar\u0131labilecektir.\u00a0<\/p>\n\n\n\n<p>Ki\u015fisel verilerinizin yurti\u00e7ine veya yurtd\u0131\u015f\u0131na aktar\u0131lmas\u0131 halinde gereken t\u00fcm teknik ve idari tedbirler \u00d6zne Hukuk ve Dan\u0131\u015fmanl\u0131k taraf\u0131ndan al\u0131nmaktad\u0131r. Ayr\u0131ca veri aktar\u0131m\u0131 yapan 3. Ki\u015filerin de gerekli teknik ve idari tedbirleri ald\u0131klar\u0131 konusunda taahh\u00fct al\u0131nmaktad\u0131r.<\/p>\n\n\n\n<p><strong>Veri Sahibinin Haklar\u0131&nbsp;<\/strong><\/p>\n\n\n\n<p>T.C. Anayasa\u2019n\u0131n 20. maddesinde herkesin, kendisiyle ilgili ki\u015fisel veriler hakk\u0131nda bilgilendirilme hakk\u0131na sahip oldu\u011fu, KVKK\u2019n\u0131n 11. maddesi gere\u011fi, Ki\u015fisel Veri sahibinin haklar\u0131 aras\u0131nda \u201cbilgi talep etme\u201d hakk\u0131n\u0131n da bulundu\u011fu d\u00fczenlenmi\u015ftir. \u00d6zne Hukuk ve Dan\u0131\u015fmanl\u0131k bu kapsamda, ki\u015fisel veri sahibinin bilgi talep etmesi durumunda gerekli bilgilendirmeyi yapmakta olup i\u015fbu Ayd\u0131nlatma Metni ile \u00d6zne Hukuk ve Dan\u0131\u015fmanl\u0131k s\u00f6z konusu bilgi talep etme hakk\u0131n\u0131n ne \u015fekilde kullan\u0131ld\u0131\u011f\u0131 ve bilgi talebine ili\u015fkin hususlar\u0131n nas\u0131l de\u011ferlendirilece\u011fi ile ilgili veri sahibine bilgi vermektedir.\u00a0<\/p>\n\n\n\n<p>Ki\u015fisel veri sahipleri KVKK uyar\u0131nca a\u015fa\u011f\u0131da yer alan haklara sahiptir:<\/p>\n\n\n\n<ul><li>Ki\u015fisel Veriler\u2019inin i\u015flenip i\u015flenmedi\u011fini \u00f6\u011frenme,<\/li><li>Ki\u015fisel Veriler\u2019i i\u015flenmi\u015fse buna ili\u015fkin bilgi talep etme,<\/li><li>Ki\u015fisel Veriler\u2019inin i\u015flenme amac\u0131n\u0131 ve bunlar\u0131n amac\u0131na uygun kullan\u0131l\u0131p kullan\u0131lmad\u0131\u011f\u0131n\u0131 \u00f6\u011frenme,<\/li><li>Yurt i\u00e7inde veya yurt d\u0131\u015f\u0131nda Ki\u015fisel Veriler\u2019inin aktar\u0131ld\u0131\u011f\u0131 \u00fc\u00e7\u00fcnc\u00fc ki\u015fileri bilme,<\/li><li>Ki\u015fisel Veriler\u2019inin eksik veya yanl\u0131\u015f i\u015flenmi\u015f olmas\u0131 halinde bunlar\u0131n d\u00fczetilmesini isteme,<\/li><li>KVKK\u2019n\u0131n 7. maddesinde \u00f6ng\u00f6r\u00fclen \u015fartlar \u00e7er\u00e7evesinde Ki\u015fisel Veriler\u2019inin silinmesini\/yok edilmesini ve bu kapsamda Ki\u015fisel Veriler\u2019in aktar\u0131ld\u0131\u011f\u0131 \u00fc\u00e7\u00fcnc\u00fc ki\u015filere bildirilmesini isteme,<\/li><li>\u0130\u015flenen verilerin m\u00fcnhas\u0131ran otomatik sistemler vas\u0131tas\u0131yla analiz edilmesi suretiyle aleyhlerine bir sonucun ortaya \u00e7\u0131kmas\u0131na itiraz etme,<\/li><li>Ki\u015fisel Veriler\u2019inin KVKK\u2019ya ayk\u0131r\u0131 olarak i\u015flenmesi sebebiyle zarara u\u011framalar\u0131 halinde giderilmesini talep etme<\/li><\/ul>\n\n\n\n<p>haklar\u0131na sahiptirler.<\/p>\n\n\n\n<p><strong>Veri Sahibinin Ba\u015fvurusu&nbsp;<\/strong><\/p>\n\n\n\n<p>Yukar\u0131da belirtilen haklar\u0131n\u0131za ili\u015fkin taleplerinizi\u00a0<strong><a href=\"mailto:dataprotection@kilinclaw.com.tr\">i<\/a><\/strong><strong><a href=\"mailto:dataprotection@kilinclaw.com.tr\">n<\/a><\/strong><strong><a href=\"mailto:dataprotection@kilinclaw.com.tr\">f<\/a><\/strong><strong><a href=\"mailto:dataprotection@kilinclaw.com.tr\">o<\/a><\/strong><strong><a href=\"mailto:dataprotection@kilinclaw.com.tr\">@<\/a><\/strong><strong><a href=\"mailto:dataprotection@kilinclaw.com.tr\">o<\/a><\/strong><strong><a href=\"mailto:dataprotection@kilinclaw.com.tr\">z<\/a><\/strong><strong><a href=\"mailto:dataprotection@kilinclaw.com.tr\">n<\/a><\/strong><strong><a href=\"mailto:dataprotection@kilinclaw.com.tr\">e<\/a><\/strong><strong><a href=\"mailto:dataprotection@kilinclaw.com.tr\">h<\/a><\/strong><strong><a href=\"mailto:dataprotection@kilinclaw.com.tr\">u<\/a><\/strong><strong><a href=\"mailto:dataprotection@kilinclaw.com.tr\">k<\/a><\/strong><strong><a href=\"mailto:dataprotection@kilinclaw.com.tr\">u<\/a><\/strong><strong><a href=\"mailto:dataprotection@kilinclaw.com.tr\">k<\/a><\/strong><strong><a href=\"mailto:dataprotection@kilinclaw.com.tr\">.<\/a><\/strong><strong><a href=\"mailto:dataprotection@kilinclaw.com.tr\">c<\/a><\/strong><strong><a href=\"mailto:dataprotection@kilinclaw.com.tr\">o<\/a><\/strong><a href=\"mailto:dataprotection@kilinclaw.com.tr\"><strong>m<\/strong><\/a>\u00a0adresine veya a\u015fa\u011f\u0131da yer alan adresimizden yaz\u0131l\u0131 olarak\u00a0iletebilirsiniz. S\u00f6z konusu taleplerin sonu\u00e7land\u0131r\u0131lmas\u0131n\u0131n ayr\u0131ca bir maliyeti gerektirmesi halinde, \u00d6zne Hukuk &amp; Dan\u0131\u015fmanl\u0131k taraf\u0131ndan ba\u015fvuru sahibinden Ki\u015fisel Verileri Koruma Kurulu taraf\u0131ndan belirlenen tarifedeki \u00fccret istenebilecektir.\u00a0<\/p>\n\n\n\n<p><strong>\u00d6zne  Hukuk ve Dan\u0131\u015fmanl\u0131k<\/strong><\/p>\n\n\n\n<p>Elmasbah\u00e7eler Mah. 1.Atan Sk. No:36 T\u00fcze Plaza K:6 D:17 OsmangaziBURSA<\/p>\n","protected":false},"excerpt":{"rendered":"<p>K\u0130\u015e\u0130SEL VER\u0130LER\u0130N \u0130\u015eLENMES\u0130NE \u0130L\u0130\u015eK\u0130N AYDINLATMA METN\u0130 (\u201cAYDINLATMA METN\u0130\u201d)&nbsp; \u00d6zne Hukuk ve Dan\u0131\u015fmanl\u0131k; m\u00fcvekkillerinin, i\u015f ortaklar\u0131n\u0131n ve ili\u015fki i\u00e7erisinde bulundu\u011fu di\u011fer \u00fc\u00e7\u00fcnc\u00fc ki\u015filerin ki\u015fisel verilerinin korunmas\u0131 ile veri gizlili\u011fi ve g\u00fcvenli\u011finin sa\u011flanmas\u0131 bak\u0131m\u0131ndan veri sorumlusu s\u0131fat\u0131yla ki\u015fisel verilerin korunmas\u0131na ili\u015fkin i\u015fbu ayd\u0131nlatma metni (\u201cAyd\u0131nlatma Metni\u201d) sizleri bilgilendirmek amac\u0131yla dikkatinize sunulmaktad\u0131r.\u00a0 \u0130\u015f bu Ayd\u0131nlatma Metni, 6698 say\u0131l\u0131 [&hellip;]<\/p>\n","protected":false},"author":1,"featured_media":0,"parent":0,"menu_order":0,"comment_status":"closed","ping_status":"closed","template":"","meta":[],"_links":{"self":[{"href":"http:\/\/www.oznehukuk.com\/index.php\/wp-json\/wp\/v2\/pages\/2183"}],"collection":[{"href":"http:\/\/www.oznehukuk.com\/index.php\/wp-json\/wp\/v2\/pages"}],"about":[{"href":"http:\/\/www.oznehukuk.com\/index.php\/wp-json\/wp\/v2\/types\/page"}],"author":[{"embeddable":true,"href":"http:\/\/www.oznehukuk.com\/index.php\/wp-json\/wp\/v2\/users\/1"}],"replies":[{"embeddable":true,"href":"http:\/\/www.oznehukuk.com\/index.php\/wp-json\/wp\/v2\/comments?post=2183"}],"version-history":[{"count":3,"href":"http:\/\/www.oznehukuk.com\/index.php\/wp-json\/wp\/v2\/pages\/2183\/revisions"}],"predecessor-version":[{"id":2188,"href":"http:\/\/www.oznehukuk.com\/index.php\/wp-json\/wp\/v2\/pages\/2183\/revisions\/2188"}],"wp:attachment":[{"href":"http:\/\/www.oznehukuk.com\/index.php\/wp-json\/wp\/v2\/media?parent=2183"}],"curies":[{"name":"wp","href":"https:\/\/api.w.org\/{rel}","templated":true}]}}